{"id":554,"date":"2010-08-14T19:47:37","date_gmt":"2010-08-14T18:47:37","guid":{"rendered":"http:\/\/www.comicsweatshop.de\/blog\/?page_id=554"},"modified":"2010-12-31T02:10:40","modified_gmt":"2010-12-31T01:10:40","slug":"wer-sindn-wir-eigentlich","status":"publish","type":"page","link":"https:\/\/www.comicsweatshop.de\/blog\/wer-sindn-wir-eigentlich\/","title":{"rendered":"Wer sind&#8217;n wir eigentlich?"},"content":{"rendered":"<p>Momentan (Stand: Silvester 2010) sind wir eine Gruppe von Leuten die sich in Berlin treffen und Kunst oder Bl\u00f6dsinn machen. Zentrales Event ist der w\u00f6chentliche ComicWorkshop, also ein Treffen zum Besprechen und Umsetzen von Comicprojekten der Anwesenden. Die genauen Themen und Aktionen des Workshops sind davon abh\u00e4ngig wer kommt und worauf alle Lust haben. Wir sind bei weitem nicht so verpeilt wie unser Blog! Wir schaffen es tats\u00e4chlich mindestens einmal w\u00f6chentlich zusammenzukommen und freuen uns \u00fcber Besuch \u0090\u2013 egal ob mit oder ohne Ideen.  Damit du eine grobe Vorstellung bekommst, was dich dort erwartet: Als Ergebnisse unserer Treffen fallen so Sachen an wie selbstverlegte Comichefte, Beitr\u00e4ge in fremdverlegten Comicheften, Ausstellungen, Wettbewerbsbeitr\u00e4ge, Infografiken, Illustrationen, Fotos, gewagte Theorien, w\u00fcste Beschimpfungen, Weltherrschafts\u00fcbernahmepl\u00e4ne, Zeichnungen oder einfach ein lustiger Abend.<\/p>\n","protected":false},"excerpt":{"rendered":"<p>Momentan (Stand: Silvester 2010) sind wir eine Gruppe von Leuten die sich in Berlin treffen und Kunst oder Bl\u00f6dsinn machen. Zentrales Event ist der w\u00f6chentliche ComicWorkshop, also ein Treffen zum Besprechen und Umsetzen von Comicprojekten der Anwesenden. Die genauen Themen und Aktionen des Workshops sind davon abh\u00e4ngig wer kommt und worauf alle Lust haben. Wir [&hellip;]<\/p>\n","protected":false},"author":6,"featured_media":0,"parent":0,"menu_order":0,"comment_status":"open","ping_status":"open","template":"","meta":{"footnotes":""},"class_list":["post-554","page","type-page","status-publish","hentry"],"_links":{"self":[{"href":"https:\/\/www.comicsweatshop.de\/blog\/wp-json\/wp\/v2\/pages\/554","targetHints":{"allow":["GET"]}}],"collection":[{"href":"https:\/\/www.comicsweatshop.de\/blog\/wp-json\/wp\/v2\/pages"}],"about":[{"href":"https:\/\/www.comicsweatshop.de\/blog\/wp-json\/wp\/v2\/types\/page"}],"author":[{"embeddable":true,"href":"https:\/\/www.comicsweatshop.de\/blog\/wp-json\/wp\/v2\/users\/6"}],"replies":[{"embeddable":true,"href":"https:\/\/www.comicsweatshop.de\/blog\/wp-json\/wp\/v2\/comments?post=554"}],"version-history":[{"count":4,"href":"https:\/\/www.comicsweatshop.de\/blog\/wp-json\/wp\/v2\/pages\/554\/revisions"}],"predecessor-version":[{"id":667,"href":"https:\/\/www.comicsweatshop.de\/blog\/wp-json\/wp\/v2\/pages\/554\/revisions\/667"}],"wp:attachment":[{"href":"https:\/\/www.comicsweatshop.de\/blog\/wp-json\/wp\/v2\/media?parent=554"}],"curies":[{"name":"wp","href":"https:\/\/api.w.org\/{rel}","templated":true}]}}